{"id":62,"date":"2018-02-01T18:15:05","date_gmt":"2018-02-01T18:15:05","guid":{"rendered":"http:\/\/www.kines.fi\/?page_id=62"},"modified":"2023-03-01T07:43:14","modified_gmt":"2023-03-01T07:43:14","slug":"keita-me-olemme","status":"publish","type":"page","link":"https:\/\/www.kines.fi\/?page_id=62","title":{"rendered":"Keit\u00e4 me olemme"},"content":{"rendered":"<p>Olemme purjehtiva, m\u00f6kkelilev\u00e4 ja aktiivinen pariskunta, jolla riitt\u00e4\u00e4 normaalin p\u00e4iv\u00e4ty\u00f6n lis\u00e4ksi intoa ja halua toteuttaa ideoitaan niin, ett\u00e4 ne ilahduttavat my\u00f6s muita.<\/p>\n<p>Sivu p\u00e4ivittyy&#8230;<\/p>\n","protected":false},"excerpt":{"rendered":"<p>Olemme purjehtiva, m\u00f6kkelilev\u00e4 ja aktiivinen pariskunta, jolla riitt\u00e4\u00e4 normaalin p\u00e4iv\u00e4ty\u00f6n lis\u00e4ksi intoa ja halua toteuttaa ideoitaan niin, ett\u00e4 ne ilahduttavat my\u00f6s muita. Sivu p\u00e4ivittyy&#8230;<\/p>\n","protected":false},"author":1,"featured_media":0,"parent":0,"menu_order":1,"comment_status":"closed","ping_status":"closed","template":"","meta":{"footnotes":""},"_links":{"self":[{"href":"https:\/\/www.kines.fi\/index.php?rest_route=\/wp\/v2\/pages\/62"}],"collection":[{"href":"https:\/\/www.kines.fi\/index.php?rest_route=\/wp\/v2\/pages"}],"about":[{"href":"https:\/\/www.kines.fi\/index.php?rest_route=\/wp\/v2\/types\/page"}],"author":[{"embeddable":true,"href":"https:\/\/www.kines.fi\/index.php?rest_route=\/wp\/v2\/users\/1"}],"replies":[{"embeddable":true,"href":"https:\/\/www.kines.fi\/index.php?rest_route=%2Fwp%2Fv2%2Fcomments&post=62"}],"version-history":[{"count":7,"href":"https:\/\/www.kines.fi\/index.php?rest_route=\/wp\/v2\/pages\/62\/revisions"}],"predecessor-version":[{"id":142,"href":"https:\/\/www.kines.fi\/index.php?rest_route=\/wp\/v2\/pages\/62\/revisions\/142"}],"wp:attachment":[{"href":"https:\/\/www.kines.fi\/index.php?rest_route=%2Fwp%2Fv2%2Fmedia&parent=62"}],"curies":[{"name":"wp","href":"https:\/\/api.w.org\/{rel}","templated":true}]}}