{"id":108,"date":"2020-03-22T19:56:42","date_gmt":"2020-03-22T19:56:42","guid":{"rendered":"http:\/\/www.kines.fi\/?page_id=108"},"modified":"2020-03-22T19:58:38","modified_gmt":"2020-03-22T19:58:38","slug":"kines-studio","status":"publish","type":"page","link":"https:\/\/www.kines.fi\/?page_id=108","title":{"rendered":"Kines Studio"},"content":{"rendered":"\n<p>Kines Studio toteuttaa asiakkaiden tarpeisiin r\u00e4\u00e4t\u00e4l\u00f6ityj\u00e4 video- ja valokuvuaustuotantoja maalla, merell\u00e4 ja ilmassa. Olipa lopputulos sitten haastattelu tai laajempi monikameratuotanto.<\/p>\n\n\n\n<p>Laaja yhteisty\u00f6kumppaniverkostomme takaa tuotannon skaalautuvuuden. Me vastaamme kokonaisuudesta ja sinulle riitt\u00e4\u00e4 tieto siit\u00e4, ett\u00e4 voit itse keskitty\u00e4 omaan liiketoimintaasi. Yksinkertaista, eik\u00f6?<\/p>\n","protected":false},"excerpt":{"rendered":"<p>Kines Studio toteuttaa asiakkaiden tarpeisiin r\u00e4\u00e4t\u00e4l\u00f6ityj\u00e4 video- ja valokuvuaustuotantoja maalla, merell\u00e4 ja ilmassa. Olipa lopputulos sitten haastattelu tai laajempi monikameratuotanto. Laaja yhteisty\u00f6kumppaniverkostomme takaa tuotannon skaalautuvuuden. Me vastaamme kokonaisuudesta ja sinulle riitt\u00e4\u00e4 tieto siit\u00e4, ett\u00e4 voit itse keskitty\u00e4 omaan liiketoimintaasi. Yksinkertaista, eik\u00f6?<\/p>\n","protected":false},"author":1,"featured_media":0,"parent":0,"menu_order":3,"comment_status":"closed","ping_status":"closed","template":"","meta":{"footnotes":""},"_links":{"self":[{"href":"https:\/\/www.kines.fi\/index.php?rest_route=\/wp\/v2\/pages\/108"}],"collection":[{"href":"https:\/\/www.kines.fi\/index.php?rest_route=\/wp\/v2\/pages"}],"about":[{"href":"https:\/\/www.kines.fi\/index.php?rest_route=\/wp\/v2\/types\/page"}],"author":[{"embeddable":true,"href":"https:\/\/www.kines.fi\/index.php?rest_route=\/wp\/v2\/users\/1"}],"replies":[{"embeddable":true,"href":"https:\/\/www.kines.fi\/index.php?rest_route=%2Fwp%2Fv2%2Fcomments&post=108"}],"version-history":[{"count":1,"href":"https:\/\/www.kines.fi\/index.php?rest_route=\/wp\/v2\/pages\/108\/revisions"}],"predecessor-version":[{"id":109,"href":"https:\/\/www.kines.fi\/index.php?rest_route=\/wp\/v2\/pages\/108\/revisions\/109"}],"wp:attachment":[{"href":"https:\/\/www.kines.fi\/index.php?rest_route=%2Fwp%2Fv2%2Fmedia&parent=108"}],"curies":[{"name":"wp","href":"https:\/\/api.w.org\/{rel}","templated":true}]}}